{"id":16971,"date":"2026-04-20T17:44:54","date_gmt":"2026-04-20T15:44:54","guid":{"rendered":"https:\/\/fotoit.it\/2016\/?page_id=16971"},"modified":"2026-04-20T17:46:18","modified_gmt":"2026-04-20T15:46:18","slug":"fotoit-2024","status":"publish","type":"page","link":"https:\/\/fotoit.it\/2016\/fotoit-2024\/","title":{"rendered":"FOTOIT 2022"},"content":{"rendered":"<p>[et_pb_section fb_built=&#8221;1&#8243; admin_label=&#8221;section&#8221; _builder_version=&#8221;4.16&#8243; global_colors_info=&#8221;{}&#8221;][et_pb_row _builder_version=&#8221;4.27.5&#8243; _module_preset=&#8221;default&#8221; global_colors_info=&#8221;{}&#8221;][et_pb_column type=&#8221;4_4&#8243; _builder_version=&#8221;4.27.5&#8243; _module_preset=&#8221;default&#8221; global_colors_info=&#8221;{}&#8221;][et_pb_text _builder_version=&#8221;4.27.5&#8243; _module_preset=&#8221;default&#8221; global_colors_info=&#8221;{}&#8221;]<\/p>\n<h3>Fotoit \u00e8 molto di pi\u00f9 di una semplice rivista fotografica.<\/h3>\n<p>\u00c8 un viaggio attraverso l&#8217;arte della fotografia in Italia, un luogo dove ogni scatto racconta una storia unica. Con oltre trent&#8217;anni di esperienza, ci impegniamo a celebrare la bellezza e la diversit\u00e0 del nostro paese attraverso l&#8217;obiettivo. Che tu sia un professionista affermato o un appassionato alle prime armi, troverai qui ispirazione, risorse e una comunit\u00e0 pronta a condividere la tua passione. Unisciti a noi per esplorare le meraviglie della fotografia italiana e scoprire nuovi modi per esprimere la tua creativit\u00e0.<\/p>\n<p>[\/et_pb_text][\/et_pb_column][\/et_pb_row][et_pb_row column_structure=&#8221;1_5,1_5,1_5,1_5,1_5&#8243; _builder_version=&#8221;4.27.5&#8243; _module_preset=&#8221;default&#8221; global_colors_info=&#8221;{}&#8221;][et_pb_column type=&#8221;1_5&#8243; _builder_version=&#8221;4.27.5&#8243; _module_preset=&#8221;default&#8221; global_colors_info=&#8221;{}&#8221;][et_pb_text _builder_version=&#8221;4.27.5&#8243; _module_preset=&#8221;default&#8221; hover_enabled=&#8221;0&#8243; global_colors_info=&#8221;{}&#8221; sticky_enabled=&#8221;0&#8243;]<\/p>\n<h1><span style=\"color: #ff0000;\"><strong>Dicembre 2021 &#8211; Gennaio 2022<\/strong><\/span><\/h1>\n<p>[\/et_pb_text][\/et_pb_column][et_pb_column type=&#8221;1_5&#8243; _builder_version=&#8221;4.27.5&#8243; _module_preset=&#8221;default&#8221; global_colors_info=&#8221;{}&#8221;][et_pb_text _builder_version=&#8221;4.27.5&#8243; _module_preset=&#8221;default&#8221; hover_enabled=&#8221;0&#8243; global_colors_info=&#8221;{}&#8221; sticky_enabled=&#8221;0&#8243;]<\/p>\n<h1><span style=\"color: #ff0000;\"><strong>Febbraio 2022<\/strong><\/span><\/h1>\n<p>[\/et_pb_text][\/et_pb_column][et_pb_column type=&#8221;1_5&#8243; _builder_version=&#8221;4.27.5&#8243; _module_preset=&#8221;default&#8221; global_colors_info=&#8221;{}&#8221;][et_pb_text _builder_version=&#8221;4.27.5&#8243; _module_preset=&#8221;default&#8221; hover_enabled=&#8221;0&#8243; global_colors_info=&#8221;{}&#8221; sticky_enabled=&#8221;0&#8243;]<\/p>\n<h1><span style=\"color: #ff0000;\"><strong>Marzo 2022<\/strong><\/span><\/h1>\n<p>[\/et_pb_text][\/et_pb_column][et_pb_column type=&#8221;1_5&#8243; _builder_version=&#8221;4.27.5&#8243; _module_preset=&#8221;default&#8221; global_colors_info=&#8221;{}&#8221;][et_pb_text _builder_version=&#8221;4.27.5&#8243; _module_preset=&#8221;default&#8221; hover_enabled=&#8221;0&#8243; global_colors_info=&#8221;{}&#8221; sticky_enabled=&#8221;0&#8243;]<\/p>\n<h1><span style=\"color: #ff0000;\"><strong>Aprile 2022<\/strong><\/span><\/h1>\n<p>[\/et_pb_text][\/et_pb_column][et_pb_column type=&#8221;1_5&#8243; _builder_version=&#8221;4.27.5&#8243; _module_preset=&#8221;default&#8221; global_colors_info=&#8221;{}&#8221;][et_pb_text _builder_version=&#8221;4.27.5&#8243; _module_preset=&#8221;default&#8221; hover_enabled=&#8221;0&#8243; global_colors_info=&#8221;{}&#8221; sticky_enabled=&#8221;0&#8243;]<\/p>\n<h1><span style=\"color: #ff0000;\"><strong>Maggio 2022<\/strong><\/span><\/h1>\n<p>[\/et_pb_text][\/et_pb_column][\/et_pb_row][et_pb_row column_structure=&#8221;1_5,1_5,1_5,1_5,1_5&#8243; _builder_version=&#8221;4.27.5&#8243; _module_preset=&#8221;default&#8221; hover_enabled=&#8221;0&#8243; locked=&#8221;off&#8221; global_colors_info=&#8221;{}&#8221; sticky_enabled=&#8221;0&#8243;][et_pb_column type=&#8221;1_5&#8243; _builder_version=&#8221;4.27.5&#8243; _module_preset=&#8221;default&#8221; global_colors_info=&#8221;{}&#8221;][et_pb_image src=&#8221;https:\/\/fotoit.it\/2016\/wp-content\/uploads\/2026\/04\/12-DIC2021-GENN-2022-2-pdf-150&#215;187.jpg&#8221; title_text=&#8221;12 DIC2021 &#8211; GENN 2022&#8243; url=&#8221;https:\/\/fotoit.it\/2016\/wp-content\/uploads\/2026\/02\/01-FOTOIT-DIC-2023-GENN-2024-3.pdf&#8221; url_new_window=&#8221;on&#8221; align=&#8221;center&#8221; _builder_version=&#8221;4.27.5&#8243; _module_preset=&#8221;default&#8221; hover_enabled=&#8221;0&#8243; global_colors_info=&#8221;{}&#8221; sticky_enabled=&#8221;0&#8243;][\/et_pb_image][\/et_pb_column][et_pb_column type=&#8221;1_5&#8243; _builder_version=&#8221;4.27.5&#8243; _module_preset=&#8221;default&#8221; global_colors_info=&#8221;{}&#8221;][et_pb_image src=&#8221;https:\/\/fotoit.it\/2016\/wp-content\/uploads\/2026\/04\/02-FOTOIT-FEBBRAIO-2022-2-pdf-150&#215;193.jpg&#8221; title_text=&#8221;02 FOTOIT FEBBRAIO 2022&#8243; url=&#8221;https:\/\/fotoit.it\/2016\/wp-content\/uploads\/2026\/02\/02-FOTOIT-FEBBRAIO-2024.pdf&#8221; url_new_window=&#8221;on&#8221; align=&#8221;center&#8221; _builder_version=&#8221;4.27.5&#8243; _module_preset=&#8221;default&#8221; hover_enabled=&#8221;0&#8243; global_colors_info=&#8221;{}&#8221; sticky_enabled=&#8221;0&#8243;][\/et_pb_image][\/et_pb_column][et_pb_column type=&#8221;1_5&#8243; _builder_version=&#8221;4.27.5&#8243; _module_preset=&#8221;default&#8221; global_colors_info=&#8221;{}&#8221;][et_pb_image src=&#8221;https:\/\/fotoit.it\/2016\/wp-content\/uploads\/2026\/04\/03-FOTOIT-MARZO-2022-1-pdf-150&#215;193.jpg&#8221; title_text=&#8221;03 FOTOIT MARZO 2022&#8243; url=&#8221;https:\/\/fotoit.it\/2016\/wp-content\/uploads\/2026\/02\/03-FOTOIT-MARZO-2024.pdf&#8221; url_new_window=&#8221;on&#8221; align=&#8221;center&#8221; _builder_version=&#8221;4.27.5&#8243; _module_preset=&#8221;default&#8221; hover_enabled=&#8221;0&#8243; global_colors_info=&#8221;{}&#8221; sticky_enabled=&#8221;0&#8243;][\/et_pb_image][\/et_pb_column][et_pb_column type=&#8221;1_5&#8243; _builder_version=&#8221;4.27.5&#8243; _module_preset=&#8221;default&#8221; global_colors_info=&#8221;{}&#8221;][et_pb_image src=&#8221;https:\/\/fotoit.it\/2016\/wp-content\/uploads\/2026\/04\/04-FOTOIT-APRILE-2022-1-pdf-150&#215;193.jpg&#8221; title_text=&#8221;04 FOTOIT APRILE 2022&#8243; url=&#8221;https:\/\/fotoit.it\/2016\/wp-content\/uploads\/2026\/02\/04-FOTOIT-APRILE-2024.pdf&#8221; url_new_window=&#8221;on&#8221; align=&#8221;center&#8221; _builder_version=&#8221;4.27.5&#8243; _module_preset=&#8221;default&#8221; hover_enabled=&#8221;0&#8243; global_colors_info=&#8221;{}&#8221; sticky_enabled=&#8221;0&#8243;][\/et_pb_image][\/et_pb_column][et_pb_column type=&#8221;1_5&#8243; _builder_version=&#8221;4.27.5&#8243; _module_preset=&#8221;default&#8221; global_colors_info=&#8221;{}&#8221;][et_pb_image src=&#8221;https:\/\/fotoit.it\/2016\/wp-content\/uploads\/2026\/04\/05-FOTOIT-MAGGIO-2022-1-pdf-150&#215;193.jpg&#8221; title_text=&#8221;05 FOTOIT MAGGIO 2022&#8243; url=&#8221;https:\/\/fotoit.it\/2016\/wp-content\/uploads\/2026\/02\/05-FOTOIT-MAGGIO-2024.pdf&#8221; url_new_window=&#8221;on&#8221; align=&#8221;center&#8221; _builder_version=&#8221;4.27.5&#8243; _module_preset=&#8221;default&#8221; hover_enabled=&#8221;0&#8243; global_colors_info=&#8221;{}&#8221; sticky_enabled=&#8221;0&#8243;][\/et_pb_image][\/et_pb_column][\/et_pb_row][et_pb_row column_structure=&#8221;1_5,1_5,1_5,1_5,1_5&#8243; _builder_version=&#8221;4.27.5&#8243; _module_preset=&#8221;default&#8221; locked=&#8221;off&#8221; global_colors_info=&#8221;{}&#8221;][et_pb_column type=&#8221;1_5&#8243; _builder_version=&#8221;4.27.5&#8243; _module_preset=&#8221;default&#8221; global_colors_info=&#8221;{}&#8221;][et_pb_text _builder_version=&#8221;4.27.5&#8243; _module_preset=&#8221;default&#8221; hover_enabled=&#8221;0&#8243; global_colors_info=&#8221;{}&#8221; sticky_enabled=&#8221;0&#8243;]<\/p>\n<h1><span style=\"color: #ff0000;\"><strong>Giugno 2022<\/strong><\/span><\/h1>\n<p>[\/et_pb_text][\/et_pb_column][et_pb_column type=&#8221;1_5&#8243; _builder_version=&#8221;4.27.5&#8243; _module_preset=&#8221;default&#8221; global_colors_info=&#8221;{}&#8221;][et_pb_text _builder_version=&#8221;4.27.5&#8243; _module_preset=&#8221;default&#8221; hover_enabled=&#8221;0&#8243; global_colors_info=&#8221;{}&#8221; sticky_enabled=&#8221;0&#8243;]<\/p>\n<h1><span style=\"color: #ff0000;\"><strong>Luglio &#8211; Agosto 2022<\/strong><\/span><\/h1>\n<p>[\/et_pb_text][\/et_pb_column][et_pb_column type=&#8221;1_5&#8243; _builder_version=&#8221;4.27.5&#8243; _module_preset=&#8221;default&#8221; global_colors_info=&#8221;{}&#8221;][et_pb_text _builder_version=&#8221;4.27.5&#8243; _module_preset=&#8221;default&#8221; hover_enabled=&#8221;0&#8243; global_colors_info=&#8221;{}&#8221; sticky_enabled=&#8221;0&#8243;]<\/p>\n<h1><span style=\"color: #ff0000;\"><strong>Settembre 2022<\/strong><\/span><\/h1>\n<p>[\/et_pb_text][\/et_pb_column][et_pb_column type=&#8221;1_5&#8243; _builder_version=&#8221;4.27.5&#8243; _module_preset=&#8221;default&#8221; global_colors_info=&#8221;{}&#8221;][et_pb_text _builder_version=&#8221;4.27.5&#8243; _module_preset=&#8221;default&#8221; hover_enabled=&#8221;0&#8243; global_colors_info=&#8221;{}&#8221; sticky_enabled=&#8221;0&#8243;]<\/p>\n<h1><span style=\"color: #ff0000;\"><strong>Ottobre 2022<\/strong><\/span><\/h1>\n<p>[\/et_pb_text][\/et_pb_column][et_pb_column type=&#8221;1_5&#8243; _builder_version=&#8221;4.27.5&#8243; _module_preset=&#8221;default&#8221; global_colors_info=&#8221;{}&#8221;][et_pb_text _builder_version=&#8221;4.27.5&#8243; _module_preset=&#8221;default&#8221; hover_enabled=&#8221;0&#8243; global_colors_info=&#8221;{}&#8221; sticky_enabled=&#8221;0&#8243;]<\/p>\n<h1><span style=\"color: #ff0000;\"><strong>Novembre 2022<\/strong><\/span><\/h1>\n<p>[\/et_pb_text][\/et_pb_column][\/et_pb_row][et_pb_row column_structure=&#8221;1_5,1_5,1_5,1_5,1_5&#8243; _builder_version=&#8221;4.27.5&#8243; _module_preset=&#8221;default&#8221; locked=&#8221;off&#8221; global_colors_info=&#8221;{}&#8221;][et_pb_column type=&#8221;1_5&#8243; _builder_version=&#8221;4.27.5&#8243; _module_preset=&#8221;default&#8221; global_colors_info=&#8221;{}&#8221;][et_pb_image src=&#8221;https:\/\/fotoit.it\/2016\/wp-content\/uploads\/2026\/04\/06-FOTOIT-GIUGNO-2022-1-pdf-150&#215;193.jpg&#8221; title_text=&#8221;06 FOTOIT GIUGNO 2022&#8243; url=&#8221;https:\/\/fotoit.it\/2016\/wp-content\/uploads\/2026\/02\/06-FOTOIT-GIUGNO-2024.pdf&#8221; url_new_window=&#8221;on&#8221; align=&#8221;center&#8221; _builder_version=&#8221;4.27.5&#8243; _module_preset=&#8221;default&#8221; hover_enabled=&#8221;0&#8243; global_colors_info=&#8221;{}&#8221; sticky_enabled=&#8221;0&#8243;][\/et_pb_image][\/et_pb_column][et_pb_column type=&#8221;1_5&#8243; _builder_version=&#8221;4.27.5&#8243; _module_preset=&#8221;default&#8221; global_colors_info=&#8221;{}&#8221;][et_pb_image src=&#8221;https:\/\/fotoit.it\/2016\/wp-content\/uploads\/2026\/04\/07-08-FOTOIT-LUGLIO-AGOSTO-2022-1-pdf-150&#215;193.jpg&#8221; title_text=&#8221;07-08 FOTOIT LUGLIO-AGOSTO 2022&#8243; url=&#8221;https:\/\/fotoit.it\/2016\/wp-content\/uploads\/2026\/02\/07-08-FOTOIT-LUGLIO-AGOSTO-2024.pdf&#8221; url_new_window=&#8221;on&#8221; align=&#8221;center&#8221; _builder_version=&#8221;4.27.5&#8243; _module_preset=&#8221;default&#8221; hover_enabled=&#8221;0&#8243; global_colors_info=&#8221;{}&#8221; sticky_enabled=&#8221;0&#8243;][\/et_pb_image][\/et_pb_column][et_pb_column type=&#8221;1_5&#8243; _builder_version=&#8221;4.27.5&#8243; _module_preset=&#8221;default&#8221; global_colors_info=&#8221;{}&#8221;][et_pb_image src=&#8221;https:\/\/fotoit.it\/2016\/wp-content\/uploads\/2026\/04\/09-FOTOIT-SETTEMBRE-2022-1-pdf-150&#215;193.jpg&#8221; title_text=&#8221;09 FOTOIT SETTEMBRE 2022&#8243; url=&#8221;https:\/\/fotoit.it\/2016\/wp-content\/uploads\/2026\/02\/09-FOTOIT-SETTEMBRE-2024.pdf&#8221; url_new_window=&#8221;on&#8221; align=&#8221;center&#8221; _builder_version=&#8221;4.27.5&#8243; _module_preset=&#8221;default&#8221; hover_enabled=&#8221;0&#8243; global_colors_info=&#8221;{}&#8221; sticky_enabled=&#8221;0&#8243;][\/et_pb_image][\/et_pb_column][et_pb_column type=&#8221;1_5&#8243; _builder_version=&#8221;4.27.5&#8243; _module_preset=&#8221;default&#8221; global_colors_info=&#8221;{}&#8221;][et_pb_image src=&#8221;https:\/\/fotoit.it\/2016\/wp-content\/uploads\/2026\/04\/10-FOTOIT-OTTOBRE-2022-1-pdf-150&#215;193.jpg&#8221; title_text=&#8221;10 FOTOIT OTTOBRE 2022&#8243; url=&#8221;https:\/\/fotoit.it\/2016\/wp-content\/uploads\/2026\/02\/10-FOTOIT-OTTOBRE-2024.pdf&#8221; url_new_window=&#8221;on&#8221; align=&#8221;center&#8221; _builder_version=&#8221;4.27.5&#8243; _module_preset=&#8221;default&#8221; hover_enabled=&#8221;0&#8243; global_colors_info=&#8221;{}&#8221; sticky_enabled=&#8221;0&#8243;][\/et_pb_image][\/et_pb_column][et_pb_column type=&#8221;1_5&#8243; _builder_version=&#8221;4.27.5&#8243; _module_preset=&#8221;default&#8221; global_colors_info=&#8221;{}&#8221;][et_pb_image src=&#8221;https:\/\/fotoit.it\/2016\/wp-content\/uploads\/2026\/04\/11-FOTOIT-NOVEMBRE-2022-1-pdf-150&#215;193.jpg&#8221; title_text=&#8221;11 FOTOIT NOVEMBRE 2022&#8243; url=&#8221;https:\/\/fotoit.it\/2016\/wp-content\/uploads\/2026\/02\/11-FOTOIT-NOVEMBRE-2024.pdf&#8221; url_new_window=&#8221;on&#8221; align=&#8221;center&#8221; _builder_version=&#8221;4.27.5&#8243; _module_preset=&#8221;default&#8221; hover_enabled=&#8221;0&#8243; global_colors_info=&#8221;{}&#8221; sticky_enabled=&#8221;0&#8243;][\/et_pb_image][\/et_pb_column][\/et_pb_row][\/et_pb_section]<\/p>\n","protected":false},"excerpt":{"rendered":"<p>Fotoit \u00e8 molto di pi\u00f9 di una semplice rivista fotografica. \u00c8 un viaggio attraverso l&#8217;arte della fotografia in Italia, un luogo dove ogni scatto racconta una storia unica. Con oltre trent&#8217;anni di esperienza, ci impegniamo a celebrare la bellezza e la diversit\u00e0 del nostro paese attraverso l&#8217;obiettivo. Che tu sia un professionista affermato o un [&hellip;]<\/p>\n","protected":false},"author":4,"featured_media":0,"parent":0,"menu_order":0,"comment_status":"closed","ping_status":"closed","template":"","meta":{"_et_pb_use_builder":"on","_et_pb_old_content":"<h3>Trent\u2019anni de Il Fotoamatore\/Fotoit<\/h3>\r\ndi Giorgio Tani\r\nDurante il 23\u00b0 Congresso a Firenze nel 1971, il Presidente Ghigo, rispondendo positivamente ad alcune mozioni dell\u2019Assemblea, chiese la disponibilit\u00e0 di qualcuno dei presenti a partecipare alla compilazione dei contenuti di un Notiziario FIAF che avesse una sua prestabilita periodicit\u00e0 La richiesta non cadde nel vuoto, ed alcuni che gi\u00e0 compilavano i notiziari del proprio Circolo, si misero a disposizione. Tra questi anche il sottoscritto.\r\nPer qualche anno l\u2019idea era per aria, ma non prese una forma precisa. Infine, non ricordo bene se era il 1973, a Como, in occasione della inaugurazione del concorso internazionale \u201cIl colore in trasparenza\u201d, il Presidente, alcuni membri del Direttivo ed alcuni \u201cculturali\u201d presenti per l\u2019occasione, decisero il nome della futura pubblicazione: Il Fotoamatore...\r\n<h1><span style=\"color: #ff0000;\"><strong>1983<\/strong><\/span><\/h1>\r\n[gallery size=\"full\" columns=\"6\" link=\"file\" ids=\"1070,1073,1071,1072\"]\r\n\r\n<hr \/>\r\n\r\n<h1><span style=\"color: #ff0000;\"><strong>1984<\/strong><\/span><\/h1>\r\n[gallery link=\"file\" size=\"full\" columns=\"6\" ids=\"1079,1080,1081,1078,1077\"]\r\n\r\n<hr \/>\r\n\r\n<h1><span style=\"color: #ff0000;\"><strong>1985<\/strong><\/span><\/h1>\r\n[gallery link=\"file\" columns=\"6\" size=\"full\" ids=\"1087,1086,1085,1082,1084,1083\"]\r\n\r\n<hr \/>\r\n\r\n<h1><span style=\"color: #ff0000;\"><strong>1986<\/strong><\/span><\/h1>\r\n[gallery columns=\"6\" link=\"file\" size=\"full\" ids=\"1095,1092,1090,1091,1094,1093\"]\r\n\r\n<hr \/>\r\n\r\n<h1><span style=\"color: #ff0000;\"><strong>1987<\/strong><\/span><\/h1>\r\n[gallery columns=\"6\" link=\"file\" size=\"full\" ids=\"1099,1098,1097,1100,1102,1101\"]\r\n\r\n<hr \/>\r\n\r\n<h1><span style=\"color: #ff0000;\"><strong>1988<\/strong><\/span><\/h1>\r\n[gallery link=\"file\" columns=\"6\" size=\"full\" ids=\"1108,1104,1106,1105,1107,1109\"]\r\n\r\n<hr \/>\r\n\r\n<h1><span style=\"color: #ff0000;\"><strong>1989<\/strong><\/span><\/h1>\r\n[gallery link=\"file\" columns=\"6\" size=\"full\" ids=\"1113,1118,1115,1124,1120,1117,1114,1123,1116,1119,1121,1122\"]\r\n\r\n&nbsp;","_et_gb_content_width":"","footnotes":""},"class_list":["post-16971","page","type-page","status-publish","hentry"],"_links":{"self":[{"href":"https:\/\/fotoit.it\/2016\/wp-json\/wp\/v2\/pages\/16971","targetHints":{"allow":["GET"]}}],"collection":[{"href":"https:\/\/fotoit.it\/2016\/wp-json\/wp\/v2\/pages"}],"about":[{"href":"https:\/\/fotoit.it\/2016\/wp-json\/wp\/v2\/types\/page"}],"author":[{"embeddable":true,"href":"https:\/\/fotoit.it\/2016\/wp-json\/wp\/v2\/users\/4"}],"replies":[{"embeddable":true,"href":"https:\/\/fotoit.it\/2016\/wp-json\/wp\/v2\/comments?post=16971"}],"version-history":[{"count":2,"href":"https:\/\/fotoit.it\/2016\/wp-json\/wp\/v2\/pages\/16971\/revisions"}],"predecessor-version":[{"id":16996,"href":"https:\/\/fotoit.it\/2016\/wp-json\/wp\/v2\/pages\/16971\/revisions\/16996"}],"wp:attachment":[{"href":"https:\/\/fotoit.it\/2016\/wp-json\/wp\/v2\/media?parent=16971"}],"curies":[{"name":"wp","href":"https:\/\/api.w.org\/{rel}","templated":true}]}}